{"id":12580,"date":"2019-07-02T06:42:53","date_gmt":"2019-07-02T04:42:53","guid":{"rendered":"https:\/\/accueilgeorgie.com\/les-vols\/"},"modified":"2024-02-10T21:27:23","modified_gmt":"2024-02-10T20:27:23","slug":"flights","status":"publish","type":"page","link":"https:\/\/accueilgeorgie.com\/en\/flights\/","title":{"rendered":"Flights"},"content":{"rendered":"<p><div class=\"fusion-fullwidth fullwidth-box fusion-builder-row-1 nonhundred-percent-fullwidth non-hundred-percent-height-scrolling\" style=\"--awb-border-radius-top-left:0px;--awb-border-radius-top-right:0px;--awb-border-radius-bottom-right:0px;--awb-border-radius-bottom-left:0px;--awb-flex-wrap:wrap;\" ><div class=\"fusion-builder-row fusion-row\"><div class=\"fusion-layout-column fusion_builder_column fusion-builder-column-0 fusion_builder_column_1_1 1_1 fusion-one-full fusion-column-first fusion-column-last\" style=\"--awb-bg-size:cover;\"><div class=\"fusion-column-wrapper fusion-column-has-shadow fusion-flex-column-wrapper-legacy\"><div class=\"fusion-text fusion-text-1\"><h2>Direct from FRANCE<\/h2>\n<h2>(via Paris from QUEBEC)<\/h2>\n<\/div><div class=\"fusion-clearfix\"><\/div><\/div><\/div><\/div><\/div><div class=\"fusion-fullwidth fullwidth-box fusion-builder-row-2 nonhundred-percent-fullwidth non-hundred-percent-height-scrolling\" style=\"--awb-border-radius-top-left:0px;--awb-border-radius-top-right:0px;--awb-border-radius-bottom-right:0px;--awb-border-radius-bottom-left:0px;--awb-padding-bottom:50px;--awb-flex-wrap:wrap;\" ><div class=\"fusion-builder-row fusion-row\"><div class=\"fusion-layout-column fusion_builder_column fusion-builder-column-1 fusion_builder_column_1_2 1_2 fusion-one-half fusion-column-first\" style=\"--awb-bg-size:cover;width:50%;width:calc(50% - ( ( 4% ) * 0.5 ) );margin-right: 4%;\"><div class=\"fusion-column-wrapper fusion-column-has-shadow fusion-flex-column-wrapper-legacy\"><div class=\"fusion-text fusion-text-2\"><p><strong>Air France<\/strong>: 2 flights per week<br \/>\nRoissy departures on Tuesdays and Saturdays \u2013 returns from Tbilisi on Sundays and Wednesdays<br \/>\nOUTGO: Departure from Roissy at 1:25 p.m. \/ arrival in Tbilisi at 8:10 p.m.<br \/>\nRETURN: Departure from Tbilisi at 9:00 a.m. \/ arrival Roissy at 12:10 p.m.<br \/>\n<strong>With the possibility of making pre\/post delivery departures from the province or Montreal<\/strong><br \/>\nThe possible durations are therefore 5, 6, 9, 12, 13, 16 days\u2026<\/p>\n<\/div><div class=\"fusion-clearfix\"><\/div><\/div><\/div><div class=\"fusion-layout-column fusion_builder_column fusion-builder-column-2 fusion_builder_column_1_2 1_2 fusion-one-half fusion-column-last\" style=\"--awb-bg-size:cover;width:50%;width:calc(50% - ( ( 4% ) * 0.5 ) );\"><div class=\"fusion-column-wrapper fusion-column-has-shadow fusion-flex-column-wrapper-legacy\"><div class=\"fusion-text fusion-text-3\"><p><strong>Georgian Airways<\/strong>: 2 flights per week<br \/>\nDepartures from Roissy on Tuesdays and Fridays \u2013 returns from Tbilisi on Tuesdays and Fridays<\/p>\n<p>Summer hours (from March 28 to October 28)<br \/>\nOUTGO: Departure from Roissy at 12:30 p.m. \/ arrival Tbilisi at 7:00 p.m.<br \/>\nRETURN: Departure from Tbilisi at 8:15 a.m. \/ arrival at Roissy at 11:15 a.m.<br \/>\nWinter flight schedule (October 29 to March 27)<br \/>\nOUTGO: Departure from Roissy at 12:00 p.m. \/ arrival Tbilisi at 7:30 p.m.<br \/>\nRETURN: Departure from Tbilisi at 9:00 a.m. \/ arrival Roissy at 11:00 a.m.<br \/>\nThe possible durations are therefore 4, 5, 8, 11, 12, 15 days\u2026<\/p>\n<p>For French people near Barcelona, Georgian Airways has very good schedules<br \/>\nOther airlines flying via (classified according to flight duration): LOT, Lufthansa, Turkish Airlines, Austrian<\/p>\n<p><strong>Contact GEORGIAN AIRWAYS<\/strong> for the French and Belgian Market:<a href=\"mailto:khorguani@georgian-airways.com\"> khorguani@georgian-airways.com<\/a><\/p>\n<\/div><div class=\"fusion-clearfix\"><\/div><\/div><\/div><\/div><\/div><div class=\"fusion-fullwidth fullwidth-box fusion-builder-row-3 nonhundred-percent-fullwidth non-hundred-percent-height-scrolling\" style=\"--awb-border-radius-top-left:0px;--awb-border-radius-top-right:0px;--awb-border-radius-bottom-right:0px;--awb-border-radius-bottom-left:0px;--awb-flex-wrap:wrap;\" ><div class=\"fusion-builder-row fusion-row\"><div class=\"fusion-layout-column fusion_builder_column fusion-builder-column-3 fusion_builder_column_1_1 1_1 fusion-one-full fusion-column-first fusion-column-last\" style=\"--awb-bg-size:cover;\"><div class=\"fusion-column-wrapper fusion-column-has-shadow fusion-flex-column-wrapper-legacy\"><div class=\"fusion-text fusion-text-4\"><h2>Direct from BELGIUM<\/h2>\n<\/div><div class=\"fusion-clearfix\"><\/div><\/div><\/div><\/div><\/div><div class=\"fusion-fullwidth fullwidth-box fusion-builder-row-4 nonhundred-percent-fullwidth non-hundred-percent-height-scrolling\" style=\"--awb-border-radius-top-left:0px;--awb-border-radius-top-right:0px;--awb-border-radius-bottom-right:0px;--awb-border-radius-bottom-left:0px;--awb-padding-bottom:50px;--awb-flex-wrap:wrap;\" ><div class=\"fusion-builder-row fusion-row\"><div class=\"fusion-layout-column fusion_builder_column fusion-builder-column-4 fusion_builder_column_1_2 1_2 fusion-one-half fusion-column-first\" style=\"--awb-bg-size:cover;width:50%;width:calc(50% - ( ( 4% ) * 0.5 ) );margin-right: 4%;\"><div class=\"fusion-column-wrapper fusion-column-has-shadow fusion-flex-column-wrapper-legacy\"><div class=\"fusion-text fusion-text-5\"><p><strong>Georgian Airways<\/strong>: 3 flights per week<br \/>\nDepartures from Zaventem on Tuesdays, Thursdays and Sundays \u2013 returns on Tuesdays, Thursdays and Sundays<br \/>\nOUTGO: Departure from Zaventem at 11:20 a.m. \/ arrival Tbilisi at 5:30 p.m.<br \/>\nRETURN: Departure from Tbilisi at 7:30 a.m. \/ arrival Zaventem at 10:20 a.m.<br \/>\nThe possible durations are therefore 4, 6, 8, 10, 11, 12, 13, 15 days\u2026<br \/>\nOther airlines flying via (classified according to flight duration): Turkish Airlines, Lufthansa, Austrian, LOT, Air Baltic<\/p>\n<\/div><div class=\"fusion-clearfix\"><\/div><\/div><\/div><div class=\"fusion-layout-column fusion_builder_column fusion-builder-column-5 fusion_builder_column_1_2 1_2 fusion-one-half fusion-column-last\" style=\"--awb-bg-size:cover;--awb-margin-bottom:0px;width:50%;width:calc(50% - ( ( 4% ) * 0.5 ) );\"><div class=\"fusion-column-wrapper fusion-column-has-shadow fusion-flex-column-wrapper-legacy\"><div class=\"fusion-image-element fusion-image-align-center in-legacy-container\" style=\"text-align:center;--awb-caption-title-font-family:var(--h2_typography-font-family);--awb-caption-title-font-weight:var(--h2_typography-font-weight);--awb-caption-title-font-style:var(--h2_typography-font-style);--awb-caption-title-size:var(--h2_typography-font-size);--awb-caption-title-transform:var(--h2_typography-text-transform);--awb-caption-title-line-height:var(--h2_typography-line-height);--awb-caption-title-letter-spacing:var(--h2_typography-letter-spacing);\"><div class=\"imageframe-align-center\"><span class=\" fusion-imageframe imageframe-dropshadow imageframe-1 hover-type-zoomin\" style=\"-webkit-box-shadow: 3px 3px 7px rgba(0,0,0,0.3);box-shadow: 3px 3px 7px rgba(0,0,0,0.3);\"><a href=\"https:\/\/accueilgeorgie.com\/wp-content\/uploads\/2019\/07\/les-vols.jpg\" class=\"fusion-lightbox\" data-rel=\"iLightbox[11f1a27e52ee6553c86]\" data-caption=\"Les vols\" data-title=\"Les vols\" title=\"Les vols\"><img decoding=\"async\" width=\"600\" height=\"600\" alt=\"Les vols vers Georgie\" src=\"https:\/\/accueilgeorgie.com\/wp-content\/uploads\/2019\/07\/les-vols.jpg\" data-orig-src=\"https:\/\/accueilgeorgie.com\/wp-content\/uploads\/2019\/07\/les-vols-600x600.jpg\" class=\"lazyload img-responsive wp-image-12411\" srcset=\"data:image\/svg+xml,%3Csvg%20xmlns%3D%27http%3A%2F%2Fwww.w3.org%2F2000%2Fsvg%27%20width%3D%271378%27%20height%3D%271378%27%20viewBox%3D%270%200%201378%201378%27%3E%3Crect%20width%3D%271378%27%20height%3D%271378%27%20fill-opacity%3D%220%22%2F%3E%3C%2Fsvg%3E\" data-srcset=\"https:\/\/accueilgeorgie.com\/wp-content\/uploads\/2019\/07\/les-vols-200x200.jpg 200w, https:\/\/accueilgeorgie.com\/wp-content\/uploads\/2019\/07\/les-vols-400x400.jpg 400w, https:\/\/accueilgeorgie.com\/wp-content\/uploads\/2019\/07\/les-vols-600x600.jpg 600w, https:\/\/accueilgeorgie.com\/wp-content\/uploads\/2019\/07\/les-vols-800x800.jpg 800w, https:\/\/accueilgeorgie.com\/wp-content\/uploads\/2019\/07\/les-vols-1200x1200.jpg 1200w, https:\/\/accueilgeorgie.com\/wp-content\/uploads\/2019\/07\/les-vols.jpg 1378w\" data-sizes=\"auto\" data-orig-sizes=\"(max-width: 800px) 100vw, 600px\" \/><\/a><\/span><\/div><\/div><div class=\"fusion-clearfix\"><\/div><\/div><\/div><\/div><\/div><div class=\"fusion-fullwidth fullwidth-box fusion-builder-row-5 nonhundred-percent-fullwidth non-hundred-percent-height-scrolling\" style=\"--awb-border-radius-top-left:0px;--awb-border-radius-top-right:0px;--awb-border-radius-bottom-right:0px;--awb-border-radius-bottom-left:0px;--awb-flex-wrap:wrap;\" ><div class=\"fusion-builder-row fusion-row\"><div class=\"fusion-layout-column fusion_builder_column fusion-builder-column-6 fusion_builder_column_1_1 1_1 fusion-one-full fusion-column-first fusion-column-last\" style=\"--awb-bg-size:cover;\"><div class=\"fusion-column-wrapper fusion-column-has-shadow fusion-flex-column-wrapper-legacy\"><div class=\"fusion-text fusion-text-6\"><p>Daily 30-minute direct flights between <strong>Tbilisi<\/strong> and <strong>Yerevan<\/strong> and vice versa (05:30\/06:00 and 06:30\/07:00)<\/p>\n<p><strong>For departures from Switzerland<\/strong>, no direct flights. The preferred companies are Lufthansa, LOT and Turkish Airlines or Air France via Lyon and Paris<\/p>\n<p>This information may change, please check with the companies.<\/p>\n<\/div><div class=\"fusion-image-element in-legacy-container\" style=\"--awb-caption-title-font-family:var(--h2_typography-font-family);--awb-caption-title-font-weight:var(--h2_typography-font-weight);--awb-caption-title-font-style:var(--h2_typography-font-style);--awb-caption-title-size:var(--h2_typography-font-size);--awb-caption-title-transform:var(--h2_typography-text-transform);--awb-caption-title-line-height:var(--h2_typography-line-height);--awb-caption-title-letter-spacing:var(--h2_typography-letter-spacing);\"><span class=\" fusion-imageframe imageframe-none imageframe-2 hover-type-none\"><img decoding=\"async\" width=\"1366\" height=\"702\" title=\"airport Tbilisi\" src=\"https:\/\/accueilgeorgie.com\/wp-content\/uploads\/2019\/07\/airport-tbilisi.jpg\" data-orig-src=\"https:\/\/accueilgeorgie.com\/wp-content\/uploads\/2019\/07\/airport-tbilisi.jpg\" alt class=\"lazyload img-responsive wp-image-12431\" srcset=\"data:image\/svg+xml,%3Csvg%20xmlns%3D%27http%3A%2F%2Fwww.w3.org%2F2000%2Fsvg%27%20width%3D%271366%27%20height%3D%27702%27%20viewBox%3D%270%200%201366%20702%27%3E%3Crect%20width%3D%271366%27%20height%3D%27702%27%20fill-opacity%3D%220%22%2F%3E%3C%2Fsvg%3E\" data-srcset=\"https:\/\/accueilgeorgie.com\/wp-content\/uploads\/2019\/07\/airport-tbilisi-200x103.jpg 200w, https:\/\/accueilgeorgie.com\/wp-content\/uploads\/2019\/07\/airport-tbilisi-400x206.jpg 400w, https:\/\/accueilgeorgie.com\/wp-content\/uploads\/2019\/07\/airport-tbilisi-600x308.jpg 600w, https:\/\/accueilgeorgie.com\/wp-content\/uploads\/2019\/07\/airport-tbilisi-800x411.jpg 800w, https:\/\/accueilgeorgie.com\/wp-content\/uploads\/2019\/07\/airport-tbilisi-1200x617.jpg 1200w, https:\/\/accueilgeorgie.com\/wp-content\/uploads\/2019\/07\/airport-tbilisi.jpg 1366w\" data-sizes=\"auto\" data-orig-sizes=\"(max-width: 800px) 100vw, 1200px\" \/><\/span><\/div><div class=\"fusion-clearfix\"><\/div><\/div><\/div><\/div><\/div><\/p>\n","protected":false},"excerpt":{"rendered":"","protected":false},"author":1,"featured_media":0,"parent":0,"menu_order":0,"comment_status":"closed","ping_status":"closed","template":"","meta":{"footnotes":""},"class_list":["post-12580","page","type-page","status-publish","hentry"],"yoast_head":"<!-- This site is optimized with the Yoast SEO plugin v26.9 - https:\/\/yoast.com\/product\/yoast-seo-wordpress\/ -->\n<title>Flights - Accueil G\u00e9orgie<\/title>\n<meta name=\"description\" content=\"Les vols vers la G\u00e9orgie, directs depuis la France, via Paris depuis le Qebec et Belgique\" \/>\n<meta name=\"robots\" content=\"index, follow, max-snippet:-1, max-image-preview:large, max-video-preview:-1\" \/>\n<link rel=\"canonical\" href=\"https:\/\/accueilgeorgie.com\/en\/flights\/\" \/>\n<meta property=\"og:locale\" content=\"en_US\" \/>\n<meta property=\"og:type\" content=\"article\" \/>\n<meta property=\"og:title\" content=\"Flights - Accueil G\u00e9orgie\" \/>\n<meta property=\"og:description\" content=\"Les vols vers la G\u00e9orgie, directs depuis la France, via Paris depuis le Qebec et Belgique\" \/>\n<meta property=\"og:url\" content=\"https:\/\/accueilgeorgie.com\/en\/flights\/\" \/>\n<meta property=\"og:site_name\" content=\"Accueil G\u00e9orgie\" \/>\n<meta property=\"article:publisher\" content=\"https:\/\/www.facebook.com\/accueilgeorgie\/\" \/>\n<meta property=\"article:modified_time\" content=\"2024-02-10T20:27:23+00:00\" \/>\n<meta name=\"twitter:card\" content=\"summary_large_image\" \/>\n<meta name=\"twitter:label1\" content=\"Est. reading time\" \/>\n\t<meta name=\"twitter:data1\" content=\"3 minutes\" \/>\n<script type=\"application\/ld+json\" class=\"yoast-schema-graph\">{\"@context\":\"https:\/\/schema.org\",\"@graph\":[{\"@type\":\"WebPage\",\"@id\":\"https:\/\/accueilgeorgie.com\/en\/flights\/\",\"url\":\"https:\/\/accueilgeorgie.com\/en\/flights\/\",\"name\":\"Flights - Accueil G\u00e9orgie\",\"isPartOf\":{\"@id\":\"https:\/\/accueilgeorgie.com\/en\/#website\"},\"datePublished\":\"2019-07-02T04:42:53+00:00\",\"dateModified\":\"2024-02-10T20:27:23+00:00\",\"description\":\"Les vols vers la G\u00e9orgie, directs depuis la France, via Paris depuis le Qebec et Belgique\",\"breadcrumb\":{\"@id\":\"https:\/\/accueilgeorgie.com\/en\/flights\/#breadcrumb\"},\"inLanguage\":\"en-US\",\"potentialAction\":[{\"@type\":\"ReadAction\",\"target\":[\"https:\/\/accueilgeorgie.com\/en\/flights\/\"]}]},{\"@type\":\"BreadcrumbList\",\"@id\":\"https:\/\/accueilgeorgie.com\/en\/flights\/#breadcrumb\",\"itemListElement\":[{\"@type\":\"ListItem\",\"position\":1,\"name\":\"Accueil\",\"item\":\"https:\/\/accueilgeorgie.com\/en\/\"},{\"@type\":\"ListItem\",\"position\":2,\"name\":\"Flights\"}]},{\"@type\":\"WebSite\",\"@id\":\"https:\/\/accueilgeorgie.com\/en\/#website\",\"url\":\"https:\/\/accueilgeorgie.com\/en\/\",\"name\":\"Accueil G\u00e9orgie\",\"description\":\"des circuits ou des s\u00e9jours uniquement dans toute la G\u00e9orgie\",\"publisher\":{\"@id\":\"https:\/\/accueilgeorgie.com\/en\/#organization\"},\"potentialAction\":[{\"@type\":\"SearchAction\",\"target\":{\"@type\":\"EntryPoint\",\"urlTemplate\":\"https:\/\/accueilgeorgie.com\/en\/?s={search_term_string}\"},\"query-input\":{\"@type\":\"PropertyValueSpecification\",\"valueRequired\":true,\"valueName\":\"search_term_string\"}}],\"inLanguage\":\"en-US\"},{\"@type\":[\"Organization\",\"TravelAgency\"],\"@id\":\"https:\/\/accueilgeorgie.com\/en\/#organization\",\"name\":\"ACCUEIL GEORGIE LLC\",\"alternateName\":\"ACCUEIL GEORGIE\",\"url\":\"https:\/\/accueilgeorgie.com\/en\/\",\"logo\":{\"@type\":\"ImageObject\",\"inLanguage\":\"en-US\",\"@id\":\"https:\/\/accueilgeorgie.com\/en\/#\/schema\/logo\/image\/\",\"url\":\"https:\/\/accueilgeorgie.com\/wp-content\/uploads\/2026\/02\/logo-eng-1-scaled.jpg\",\"contentUrl\":\"https:\/\/accueilgeorgie.com\/wp-content\/uploads\/2026\/02\/logo-eng-1-scaled.jpg\",\"width\":2048,\"height\":546,\"caption\":\"ACCUEIL GEORGIE LLC\"},\"image\":{\"@id\":\"https:\/\/accueilgeorgie.com\/en\/#\/schema\/logo\/image\/\"},\"sameAs\":[\"https:\/\/www.facebook.com\/accueilgeorgie\/\",\"https:\/\/www.instagram.com\/accueilgeorgie\"]}]}<\/script>\n<!-- \/ Yoast SEO plugin. -->","yoast_head_json":{"title":"Flights - Accueil G\u00e9orgie","description":"Les vols vers la G\u00e9orgie, directs depuis la France, via Paris depuis le Qebec et Belgique","robots":{"index":"index","follow":"follow","max-snippet":"max-snippet:-1","max-image-preview":"max-image-preview:large","max-video-preview":"max-video-preview:-1"},"canonical":"https:\/\/accueilgeorgie.com\/en\/flights\/","og_locale":"en_US","og_type":"article","og_title":"Flights - Accueil G\u00e9orgie","og_description":"Les vols vers la G\u00e9orgie, directs depuis la France, via Paris depuis le Qebec et Belgique","og_url":"https:\/\/accueilgeorgie.com\/en\/flights\/","og_site_name":"Accueil G\u00e9orgie","article_publisher":"https:\/\/www.facebook.com\/accueilgeorgie\/","article_modified_time":"2024-02-10T20:27:23+00:00","twitter_card":"summary_large_image","twitter_misc":{"Est. reading time":"3 minutes"},"schema":{"@context":"https:\/\/schema.org","@graph":[{"@type":"WebPage","@id":"https:\/\/accueilgeorgie.com\/en\/flights\/","url":"https:\/\/accueilgeorgie.com\/en\/flights\/","name":"Flights - Accueil G\u00e9orgie","isPartOf":{"@id":"https:\/\/accueilgeorgie.com\/en\/#website"},"datePublished":"2019-07-02T04:42:53+00:00","dateModified":"2024-02-10T20:27:23+00:00","description":"Les vols vers la G\u00e9orgie, directs depuis la France, via Paris depuis le Qebec et Belgique","breadcrumb":{"@id":"https:\/\/accueilgeorgie.com\/en\/flights\/#breadcrumb"},"inLanguage":"en-US","potentialAction":[{"@type":"ReadAction","target":["https:\/\/accueilgeorgie.com\/en\/flights\/"]}]},{"@type":"BreadcrumbList","@id":"https:\/\/accueilgeorgie.com\/en\/flights\/#breadcrumb","itemListElement":[{"@type":"ListItem","position":1,"name":"Accueil","item":"https:\/\/accueilgeorgie.com\/en\/"},{"@type":"ListItem","position":2,"name":"Flights"}]},{"@type":"WebSite","@id":"https:\/\/accueilgeorgie.com\/en\/#website","url":"https:\/\/accueilgeorgie.com\/en\/","name":"Accueil G\u00e9orgie","description":"des circuits ou des s\u00e9jours uniquement dans toute la G\u00e9orgie","publisher":{"@id":"https:\/\/accueilgeorgie.com\/en\/#organization"},"potentialAction":[{"@type":"SearchAction","target":{"@type":"EntryPoint","urlTemplate":"https:\/\/accueilgeorgie.com\/en\/?s={search_term_string}"},"query-input":{"@type":"PropertyValueSpecification","valueRequired":true,"valueName":"search_term_string"}}],"inLanguage":"en-US"},{"@type":["Organization","TravelAgency"],"@id":"https:\/\/accueilgeorgie.com\/en\/#organization","name":"ACCUEIL GEORGIE LLC","alternateName":"ACCUEIL GEORGIE","url":"https:\/\/accueilgeorgie.com\/en\/","logo":{"@type":"ImageObject","inLanguage":"en-US","@id":"https:\/\/accueilgeorgie.com\/en\/#\/schema\/logo\/image\/","url":"https:\/\/accueilgeorgie.com\/wp-content\/uploads\/2026\/02\/logo-eng-1-scaled.jpg","contentUrl":"https:\/\/accueilgeorgie.com\/wp-content\/uploads\/2026\/02\/logo-eng-1-scaled.jpg","width":2048,"height":546,"caption":"ACCUEIL GEORGIE LLC"},"image":{"@id":"https:\/\/accueilgeorgie.com\/en\/#\/schema\/logo\/image\/"},"sameAs":["https:\/\/www.facebook.com\/accueilgeorgie\/","https:\/\/www.instagram.com\/accueilgeorgie"]}]}},"_links":{"self":[{"href":"https:\/\/accueilgeorgie.com\/en\/wp-json\/wp\/v2\/pages\/12580","targetHints":{"allow":["GET"]}}],"collection":[{"href":"https:\/\/accueilgeorgie.com\/en\/wp-json\/wp\/v2\/pages"}],"about":[{"href":"https:\/\/accueilgeorgie.com\/en\/wp-json\/wp\/v2\/types\/page"}],"author":[{"embeddable":true,"href":"https:\/\/accueilgeorgie.com\/en\/wp-json\/wp\/v2\/users\/1"}],"replies":[{"embeddable":true,"href":"https:\/\/accueilgeorgie.com\/en\/wp-json\/wp\/v2\/comments?post=12580"}],"version-history":[{"count":5,"href":"https:\/\/accueilgeorgie.com\/en\/wp-json\/wp\/v2\/pages\/12580\/revisions"}],"predecessor-version":[{"id":12635,"href":"https:\/\/accueilgeorgie.com\/en\/wp-json\/wp\/v2\/pages\/12580\/revisions\/12635"}],"wp:attachment":[{"href":"https:\/\/accueilgeorgie.com\/en\/wp-json\/wp\/v2\/media?parent=12580"}],"curies":[{"name":"wp","href":"https:\/\/api.w.org\/{rel}","templated":true}]}}