{"id":12582,"date":"2019-07-01T21:44:43","date_gmt":"2019-07-01T19:44:43","guid":{"rendered":"https:\/\/accueilgeorgie.com\/qui-sommes-nous\/"},"modified":"2026-02-13T15:18:05","modified_gmt":"2026-02-13T14:18:05","slug":"who-are-we","status":"publish","type":"page","link":"https:\/\/accueilgeorgie.com\/en\/who-are-we\/","title":{"rendered":"Who are we"},"content":{"rendered":"<p><div class=\"fusion-fullwidth fullwidth-box fusion-builder-row-1 nonhundred-percent-fullwidth non-hundred-percent-height-scrolling\" style=\"--awb-border-radius-top-left:0px;--awb-border-radius-top-right:0px;--awb-border-radius-bottom-right:0px;--awb-border-radius-bottom-left:0px;--awb-flex-wrap:wrap;\" ><div class=\"fusion-builder-row fusion-row\"><div class=\"fusion-layout-column fusion_builder_column fusion-builder-column-0 fusion_builder_column_1_1 1_1 fusion-one-full fusion-column-first fusion-column-last\" style=\"--awb-bg-size:cover;\"><div class=\"fusion-column-wrapper fusion-column-has-shadow fusion-flex-column-wrapper-legacy\"><div class=\"fusion-text fusion-text-1\"><p><strong>Accueil Georgia<\/strong> is a <strong>highly qualified and independent incoming travel agency based in Tbilisi<\/strong>, specializing in the <strong>organization of group trips established in 2012<\/strong>.<\/p>\n<p>Since 2018, a Frenchman who fell in love with the country several years ago, manager of a French tour operator for 30 years, joined the team and brings all his know-how and expertise. He meets the requirements of agencies and tour operators and the expectations of French-speaking customers whom he knows very well. This made it possible to make a drastic selection of guides, to raise the standards of services for transport, restaurants, hotels and all service providers in general. As the country is opening up to French-speaking markets, we select and train our own guides specially dedicated to this market.<\/p>\n<p>The vast majority of our competitors work mainly for Russian customers or those from Eastern European countries whose way of traveling and expectations are really very different from those of your French-speaking customers.<\/p>\n<p><strong>Our main assets:<\/strong><\/p>\n<\/div><div class=\"fusion-clearfix\"><\/div><\/div><\/div><\/div><\/div><div class=\"fusion-fullwidth fullwidth-box fusion-builder-row-2 nonhundred-percent-fullwidth non-hundred-percent-height-scrolling\" style=\"--awb-border-radius-top-left:0px;--awb-border-radius-top-right:0px;--awb-border-radius-bottom-right:0px;--awb-border-radius-bottom-left:0px;--awb-padding-bottom:50px;--awb-flex-wrap:wrap;\" ><div class=\"fusion-builder-row fusion-row\"><div class=\"fusion-layout-column fusion_builder_column fusion-builder-column-1 fusion_builder_column_1_2 1_2 fusion-one-half fusion-column-first\" style=\"--awb-bg-size:cover;width:50%;width:calc(50% - ( ( 4% ) * 0.5 ) );margin-right: 4%;\"><div class=\"fusion-column-wrapper fusion-column-has-shadow fusion-flex-column-wrapper-legacy\"><ul style=\"--awb-iconcolor:#611227;--awb-line-height:23.8px;--awb-icon-width:23.8px;--awb-icon-height:23.8px;--awb-icon-margin:9.8px;--awb-content-margin:33.6px;\" class=\"fusion-checklist fusion-checklist-1 fusion-checklist-default type-icons\"><li class=\"fusion-li-item\" style=\"\"><span class=\"icon-wrapper circle-no\"><i class=\"fusion-li-icon fa-medal fas\" aria-hidden=\"true\"><\/i><\/span><div class=\"fusion-li-item-content\">\n<p>A human-sized reception for groups (tourist, cultural, thematic trips (agritourism, wine tourism, etc.) and incentives<\/p>\n<\/div><\/li><li class=\"fusion-li-item\" style=\"\"><span class=\"icon-wrapper circle-no\"><i class=\"fusion-li-icon fa-medal fas\" aria-hidden=\"true\"><\/i><\/span><div class=\"fusion-li-item-content\">\n<p>Based in Tbilisi, Accueil G\u00e9orgie LLC operates as a specialized <a href=\"\/caucasus-dmc-georgia\/\">Caucasus DMC<\/a>, with Georgia as its core destination.<br \/>\nConfirmed expertise of staff<\/p>\n<\/div><\/li><li class=\"fusion-li-item\" style=\"\"><span class=\"icon-wrapper circle-no\"><i class=\"fusion-li-icon fa-medal fas\" aria-hidden=\"true\"><\/i><\/span><div class=\"fusion-li-item-content\">\n<p>Knowledge of the needs and requirements of agencies and tour operators (we provide clear and precise ready-to-use programs as well as a media bank to illustrate your commercial campaigns with photos and videos).<\/p>\n<\/div><\/li><li class=\"fusion-li-item\" style=\"\"><span class=\"icon-wrapper circle-no\"><i class=\"fusion-li-icon fa-medal fas\" aria-hidden=\"true\"><\/i><\/span><div class=\"fusion-li-item-content\">\n<p>A demanding selection of guides and guides \u2013 most of them trained by us.<\/p>\n<\/div><\/li><li class=\"fusion-li-item\" style=\"\"><span class=\"icon-wrapper circle-no\"><i class=\"fusion-li-icon fa-medal fas\" aria-hidden=\"true\"><\/i><\/span><div class=\"fusion-li-item-content\">\n<p>The quality of services from our suppliers. Our close and direct relationship with them allows us to better go into details, to ensure the level of quality of the services offered and to be able to intervene quickly during the trip if necessary.<\/p>\n<\/div><\/li><li class=\"fusion-li-item\" style=\"\"><span class=\"icon-wrapper circle-no\"><i class=\"fusion-li-icon fa-medal fas\" aria-hidden=\"true\"><\/i><\/span><div class=\"fusion-li-item-content\">\n<p>A permanent presence in the field to evaluate our service providers and discover new ones<\/p>\n<\/div><\/li><\/ul><div class=\"fusion-clearfix\"><\/div><\/div><\/div><div class=\"fusion-layout-column fusion_builder_column fusion-builder-column-2 fusion_builder_column_1_2 1_2 fusion-one-half fusion-column-last\" style=\"--awb-bg-size:cover;width:50%;width:calc(50% - ( ( 4% ) * 0.5 ) );\"><div class=\"fusion-column-wrapper fusion-column-has-shadow fusion-flex-column-wrapper-legacy\"><ul style=\"--awb-iconcolor:#611227;--awb-line-height:23.8px;--awb-icon-width:23.8px;--awb-icon-height:23.8px;--awb-icon-margin:9.8px;--awb-content-margin:33.6px;\" class=\"fusion-checklist fusion-checklist-2 fusion-checklist-default type-icons\"><li class=\"fusion-li-item\" style=\"\"><span class=\"icon-wrapper circle-no\"><i class=\"fusion-li-icon fa-medal fas\" aria-hidden=\"true\"><\/i><\/span><div class=\"fusion-li-item-content\">\n<p>Proximity with our customers which allows us to better respond and adapt our proposals<\/p>\n<\/div><\/li><li class=\"fusion-li-item\" style=\"\"><span class=\"icon-wrapper circle-no\"><i class=\"fusion-li-icon fa-medal fas\" aria-hidden=\"true\"><\/i><\/span><div class=\"fusion-li-item-content\">\n<p>Original ideas to avoid the touristy beaten paths and help you discover the deep soul of Georgia<\/p>\n<\/div><\/li><li class=\"fusion-li-item\" style=\"\"><span class=\"icon-wrapper circle-no\"><i class=\"fusion-li-icon fa-medal fas\" aria-hidden=\"true\"><\/i><\/span><div class=\"fusion-li-item-content\">\n<p>Tailor-made programs<\/p>\n<\/div><\/li><li class=\"fusion-li-item\" style=\"\"><span class=\"icon-wrapper circle-no\"><i class=\"fusion-li-icon fa-medal fas\" aria-hidden=\"true\"><\/i><\/span><div class=\"fusion-li-item-content\">\n<p>Personalized and flexible monitoring<\/p>\n<\/div><\/li><li class=\"fusion-li-item\" style=\"\"><span class=\"icon-wrapper circle-no\"><i class=\"fusion-li-icon fa-medal fas\" aria-hidden=\"true\"><\/i><\/span><div class=\"fusion-li-item-content\">\n<p>Un suivi personnalis\u00e9 et flexible<\/p>\n<\/div><\/li><li class=\"fusion-li-item\" style=\"\"><span class=\"icon-wrapper circle-no\"><i class=\"fusion-li-icon fa-medal fas\" aria-hidden=\"true\"><\/i><\/span><div class=\"fusion-li-item-content\">\n<p>The possibility of contacting us 24 hours a day, 7 days a week<\/p>\n<\/div><\/li><li class=\"fusion-li-item\" style=\"\"><span class=\"icon-wrapper circle-no\"><i class=\"fusion-li-icon fa-medal fas\" aria-hidden=\"true\"><\/i><\/span><div class=\"fusion-li-item-content\">\n<p>Respect for populations and ecology, a responsible approach for sustainable tourism<\/p>\n<\/div><\/li><\/ul><div class=\"fusion-clearfix\"><\/div><\/div><\/div><\/div><\/div><div class=\"fusion-fullwidth fullwidth-box fusion-builder-row-3 nonhundred-percent-fullwidth non-hundred-percent-height-scrolling\" style=\"--awb-border-radius-top-left:0px;--awb-border-radius-top-right:0px;--awb-border-radius-bottom-right:0px;--awb-border-radius-bottom-left:0px;--awb-padding-bottom:50px;--awb-flex-wrap:wrap;\" ><div class=\"fusion-builder-row fusion-row\"><div class=\"fusion-layout-column fusion_builder_column fusion-builder-column-3 fusion_builder_column_1_1 1_1 fusion-one-full fusion-column-first fusion-column-last\" style=\"--awb-bg-size:cover;\"><div class=\"fusion-column-wrapper fusion-column-has-shadow fusion-flex-column-wrapper-legacy\"><div class=\"fusion-image-element in-legacy-container\" style=\"--awb-caption-title-font-family:var(--h2_typography-font-family);--awb-caption-title-font-weight:var(--h2_typography-font-weight);--awb-caption-title-font-style:var(--h2_typography-font-style);--awb-caption-title-size:var(--h2_typography-font-size);--awb-caption-title-transform:var(--h2_typography-text-transform);--awb-caption-title-line-height:var(--h2_typography-line-height);--awb-caption-title-letter-spacing:var(--h2_typography-letter-spacing);\"><span class=\" fusion-imageframe imageframe-dropshadow imageframe-1 hover-type-zoomin\" style=\"-webkit-box-shadow: 3px 3px 7px rgba(0,0,0,0.3);box-shadow: 3px 3px 7px rgba(0,0,0,0.3);\"><a href=\"https:\/\/accueilgeorgie.com\/wp-content\/uploads\/2019\/07\/qui-sommes-nous-2.jpg\" class=\"fusion-lightbox\" data-rel=\"iLightbox[bdb09d75e446d0f49c5]\" data-caption=\"Accueil G\u00e9orgie est la marque francophone de Tours Georgia, une agence de voyage r\u00e9ceptive bas\u00e9e \u00e0 Tbilissi\" data-title=\"une agence de voyage r\u00e9ceptive bas\u00e9e \u00e0 Tbilissi\" title=\"une agence de voyage r\u00e9ceptive bas\u00e9e \u00e0 Tbilissi\"><img decoding=\"async\" width=\"1647\" height=\"1647\" alt=\"Accueil G\u00e9orgie est la marque francophone de Tours Georgia, une agence de voyage r\u00e9ceptive bas\u00e9e \u00e0 Tbilissi\" src=\"https:\/\/accueilgeorgie.com\/wp-content\/uploads\/2019\/07\/qui-sommes-nous-2.jpg\" data-orig-src=\"https:\/\/accueilgeorgie.com\/wp-content\/uploads\/2019\/07\/qui-sommes-nous-2.jpg\" class=\"lazyload img-responsive wp-image-12428\" srcset=\"data:image\/svg+xml,%3Csvg%20xmlns%3D%27http%3A%2F%2Fwww.w3.org%2F2000%2Fsvg%27%20width%3D%271647%27%20height%3D%271647%27%20viewBox%3D%270%200%201647%201647%27%3E%3Crect%20width%3D%271647%27%20height%3D%271647%27%20fill-opacity%3D%220%22%2F%3E%3C%2Fsvg%3E\" data-srcset=\"https:\/\/accueilgeorgie.com\/wp-content\/uploads\/2019\/07\/qui-sommes-nous-2-200x200.jpg 200w, https:\/\/accueilgeorgie.com\/wp-content\/uploads\/2019\/07\/qui-sommes-nous-2-400x400.jpg 400w, https:\/\/accueilgeorgie.com\/wp-content\/uploads\/2019\/07\/qui-sommes-nous-2-600x600.jpg 600w, https:\/\/accueilgeorgie.com\/wp-content\/uploads\/2019\/07\/qui-sommes-nous-2-800x800.jpg 800w, https:\/\/accueilgeorgie.com\/wp-content\/uploads\/2019\/07\/qui-sommes-nous-2-1200x1200.jpg 1200w, https:\/\/accueilgeorgie.com\/wp-content\/uploads\/2019\/07\/qui-sommes-nous-2.jpg 1647w\" data-sizes=\"auto\" data-orig-sizes=\"(max-width: 800px) 100vw, 1200px\" \/><\/a><\/span><\/div><div class=\"fusion-clearfix\"><\/div><\/div><\/div><\/div><\/div><\/p>\n","protected":false},"excerpt":{"rendered":"","protected":false},"author":1,"featured_media":12415,"parent":0,"menu_order":0,"comment_status":"closed","ping_status":"closed","template":"","meta":{"footnotes":""},"class_list":["post-12582","page","type-page","status-publish","has-post-thumbnail","hentry"],"yoast_head":"<!-- This site is optimized with the Yoast SEO plugin v26.9 - https:\/\/yoast.com\/product\/yoast-seo-wordpress\/ -->\n<title>Qui sommes nous - agence de voyage Accueil Georgie<\/title>\n<meta name=\"description\" content=\"Agence de voyage r\u00e9ceptive bas\u00e9e \u00e0 Tbilissi, hautement qualifi\u00e9e et ind\u00e9pendante, sp\u00e9cialis\u00e9e dans l\u2019organisation de voyages de groupe.\" \/>\n<meta name=\"robots\" content=\"index, follow, max-snippet:-1, max-image-preview:large, max-video-preview:-1\" \/>\n<link rel=\"canonical\" href=\"https:\/\/accueilgeorgie.com\/en\/who-are-we\/\" \/>\n<meta property=\"og:locale\" content=\"en_US\" \/>\n<meta property=\"og:type\" content=\"article\" \/>\n<meta property=\"og:title\" content=\"Qui sommes nous - agence de voyage Accueil Georgie\" \/>\n<meta property=\"og:description\" content=\"Agence de voyage r\u00e9ceptive bas\u00e9e \u00e0 Tbilissi, hautement qualifi\u00e9e et ind\u00e9pendante, sp\u00e9cialis\u00e9e dans l\u2019organisation de voyages de groupe.\" \/>\n<meta property=\"og:url\" content=\"https:\/\/accueilgeorgie.com\/en\/who-are-we\/\" \/>\n<meta property=\"og:site_name\" content=\"Accueil G\u00e9orgie\" \/>\n<meta property=\"article:publisher\" content=\"https:\/\/www.facebook.com\/accueilgeorgie\/\" \/>\n<meta property=\"article:modified_time\" content=\"2026-02-13T14:18:05+00:00\" \/>\n<meta property=\"og:image\" content=\"https:\/\/accueilgeorgie.com\/wp-content\/uploads\/2019\/07\/qui-sommes-nous.jpg\" \/>\n\t<meta property=\"og:image:width\" content=\"1920\" \/>\n\t<meta property=\"og:image:height\" content=\"1920\" \/>\n\t<meta property=\"og:image:type\" content=\"image\/jpeg\" \/>\n<meta name=\"twitter:card\" content=\"summary_large_image\" \/>\n<meta name=\"twitter:label1\" content=\"Est. reading time\" \/>\n\t<meta name=\"twitter:data1\" content=\"3 minutes\" \/>\n<script type=\"application\/ld+json\" class=\"yoast-schema-graph\">{\"@context\":\"https:\/\/schema.org\",\"@graph\":[{\"@type\":\"WebPage\",\"@id\":\"https:\/\/accueilgeorgie.com\/en\/who-are-we\/\",\"url\":\"https:\/\/accueilgeorgie.com\/en\/who-are-we\/\",\"name\":\"Qui sommes nous - agence de voyage Accueil Georgie\",\"isPartOf\":{\"@id\":\"https:\/\/accueilgeorgie.com\/en\/#website\"},\"primaryImageOfPage\":{\"@id\":\"https:\/\/accueilgeorgie.com\/en\/who-are-we\/#primaryimage\"},\"image\":{\"@id\":\"https:\/\/accueilgeorgie.com\/en\/who-are-we\/#primaryimage\"},\"thumbnailUrl\":\"https:\/\/accueilgeorgie.com\/wp-content\/uploads\/2019\/07\/qui-sommes-nous.jpg\",\"datePublished\":\"2019-07-01T19:44:43+00:00\",\"dateModified\":\"2026-02-13T14:18:05+00:00\",\"description\":\"Agence de voyage r\u00e9ceptive bas\u00e9e \u00e0 Tbilissi, hautement qualifi\u00e9e et ind\u00e9pendante, sp\u00e9cialis\u00e9e dans l\u2019organisation de voyages de groupe.\",\"breadcrumb\":{\"@id\":\"https:\/\/accueilgeorgie.com\/en\/who-are-we\/#breadcrumb\"},\"inLanguage\":\"en-US\",\"potentialAction\":[{\"@type\":\"ReadAction\",\"target\":[\"https:\/\/accueilgeorgie.com\/en\/who-are-we\/\"]}]},{\"@type\":\"ImageObject\",\"inLanguage\":\"en-US\",\"@id\":\"https:\/\/accueilgeorgie.com\/en\/who-are-we\/#primaryimage\",\"url\":\"https:\/\/accueilgeorgie.com\/wp-content\/uploads\/2019\/07\/qui-sommes-nous.jpg\",\"contentUrl\":\"https:\/\/accueilgeorgie.com\/wp-content\/uploads\/2019\/07\/qui-sommes-nous.jpg\",\"width\":1920,\"height\":1920,\"caption\":\"Qui sommes nous\"},{\"@type\":\"BreadcrumbList\",\"@id\":\"https:\/\/accueilgeorgie.com\/en\/who-are-we\/#breadcrumb\",\"itemListElement\":[{\"@type\":\"ListItem\",\"position\":1,\"name\":\"Accueil\",\"item\":\"https:\/\/accueilgeorgie.com\/en\/\"},{\"@type\":\"ListItem\",\"position\":2,\"name\":\"Who are we\"}]},{\"@type\":\"WebSite\",\"@id\":\"https:\/\/accueilgeorgie.com\/en\/#website\",\"url\":\"https:\/\/accueilgeorgie.com\/en\/\",\"name\":\"Accueil G\u00e9orgie\",\"description\":\"des circuits ou des s\u00e9jours uniquement dans toute la G\u00e9orgie\",\"publisher\":{\"@id\":\"https:\/\/accueilgeorgie.com\/en\/#organization\"},\"potentialAction\":[{\"@type\":\"SearchAction\",\"target\":{\"@type\":\"EntryPoint\",\"urlTemplate\":\"https:\/\/accueilgeorgie.com\/en\/?s={search_term_string}\"},\"query-input\":{\"@type\":\"PropertyValueSpecification\",\"valueRequired\":true,\"valueName\":\"search_term_string\"}}],\"inLanguage\":\"en-US\"},{\"@type\":[\"Organization\",\"TravelAgency\"],\"@id\":\"https:\/\/accueilgeorgie.com\/en\/#organization\",\"name\":\"ACCUEIL GEORGIE LLC\",\"alternateName\":\"ACCUEIL GEORGIE\",\"url\":\"https:\/\/accueilgeorgie.com\/en\/\",\"logo\":{\"@type\":\"ImageObject\",\"inLanguage\":\"en-US\",\"@id\":\"https:\/\/accueilgeorgie.com\/en\/#\/schema\/logo\/image\/\",\"url\":\"https:\/\/accueilgeorgie.com\/wp-content\/uploads\/2026\/02\/logo-eng-1-scaled.jpg\",\"contentUrl\":\"https:\/\/accueilgeorgie.com\/wp-content\/uploads\/2026\/02\/logo-eng-1-scaled.jpg\",\"width\":2048,\"height\":546,\"caption\":\"ACCUEIL GEORGIE LLC\"},\"image\":{\"@id\":\"https:\/\/accueilgeorgie.com\/en\/#\/schema\/logo\/image\/\"},\"sameAs\":[\"https:\/\/www.facebook.com\/accueilgeorgie\/\",\"https:\/\/www.instagram.com\/accueilgeorgie\"]}]}<\/script>\n<!-- \/ Yoast SEO plugin. -->","yoast_head_json":{"title":"Qui sommes nous - agence de voyage Accueil Georgie","description":"Agence de voyage r\u00e9ceptive bas\u00e9e \u00e0 Tbilissi, hautement qualifi\u00e9e et ind\u00e9pendante, sp\u00e9cialis\u00e9e dans l\u2019organisation de voyages de groupe.","robots":{"index":"index","follow":"follow","max-snippet":"max-snippet:-1","max-image-preview":"max-image-preview:large","max-video-preview":"max-video-preview:-1"},"canonical":"https:\/\/accueilgeorgie.com\/en\/who-are-we\/","og_locale":"en_US","og_type":"article","og_title":"Qui sommes nous - agence de voyage Accueil Georgie","og_description":"Agence de voyage r\u00e9ceptive bas\u00e9e \u00e0 Tbilissi, hautement qualifi\u00e9e et ind\u00e9pendante, sp\u00e9cialis\u00e9e dans l\u2019organisation de voyages de groupe.","og_url":"https:\/\/accueilgeorgie.com\/en\/who-are-we\/","og_site_name":"Accueil G\u00e9orgie","article_publisher":"https:\/\/www.facebook.com\/accueilgeorgie\/","article_modified_time":"2026-02-13T14:18:05+00:00","og_image":[{"width":1920,"height":1920,"url":"https:\/\/accueilgeorgie.com\/wp-content\/uploads\/2019\/07\/qui-sommes-nous.jpg","type":"image\/jpeg"}],"twitter_card":"summary_large_image","twitter_misc":{"Est. reading time":"3 minutes"},"schema":{"@context":"https:\/\/schema.org","@graph":[{"@type":"WebPage","@id":"https:\/\/accueilgeorgie.com\/en\/who-are-we\/","url":"https:\/\/accueilgeorgie.com\/en\/who-are-we\/","name":"Qui sommes nous - agence de voyage Accueil Georgie","isPartOf":{"@id":"https:\/\/accueilgeorgie.com\/en\/#website"},"primaryImageOfPage":{"@id":"https:\/\/accueilgeorgie.com\/en\/who-are-we\/#primaryimage"},"image":{"@id":"https:\/\/accueilgeorgie.com\/en\/who-are-we\/#primaryimage"},"thumbnailUrl":"https:\/\/accueilgeorgie.com\/wp-content\/uploads\/2019\/07\/qui-sommes-nous.jpg","datePublished":"2019-07-01T19:44:43+00:00","dateModified":"2026-02-13T14:18:05+00:00","description":"Agence de voyage r\u00e9ceptive bas\u00e9e \u00e0 Tbilissi, hautement qualifi\u00e9e et ind\u00e9pendante, sp\u00e9cialis\u00e9e dans l\u2019organisation de voyages de groupe.","breadcrumb":{"@id":"https:\/\/accueilgeorgie.com\/en\/who-are-we\/#breadcrumb"},"inLanguage":"en-US","potentialAction":[{"@type":"ReadAction","target":["https:\/\/accueilgeorgie.com\/en\/who-are-we\/"]}]},{"@type":"ImageObject","inLanguage":"en-US","@id":"https:\/\/accueilgeorgie.com\/en\/who-are-we\/#primaryimage","url":"https:\/\/accueilgeorgie.com\/wp-content\/uploads\/2019\/07\/qui-sommes-nous.jpg","contentUrl":"https:\/\/accueilgeorgie.com\/wp-content\/uploads\/2019\/07\/qui-sommes-nous.jpg","width":1920,"height":1920,"caption":"Qui sommes nous"},{"@type":"BreadcrumbList","@id":"https:\/\/accueilgeorgie.com\/en\/who-are-we\/#breadcrumb","itemListElement":[{"@type":"ListItem","position":1,"name":"Accueil","item":"https:\/\/accueilgeorgie.com\/en\/"},{"@type":"ListItem","position":2,"name":"Who are we"}]},{"@type":"WebSite","@id":"https:\/\/accueilgeorgie.com\/en\/#website","url":"https:\/\/accueilgeorgie.com\/en\/","name":"Accueil G\u00e9orgie","description":"des circuits ou des s\u00e9jours uniquement dans toute la G\u00e9orgie","publisher":{"@id":"https:\/\/accueilgeorgie.com\/en\/#organization"},"potentialAction":[{"@type":"SearchAction","target":{"@type":"EntryPoint","urlTemplate":"https:\/\/accueilgeorgie.com\/en\/?s={search_term_string}"},"query-input":{"@type":"PropertyValueSpecification","valueRequired":true,"valueName":"search_term_string"}}],"inLanguage":"en-US"},{"@type":["Organization","TravelAgency"],"@id":"https:\/\/accueilgeorgie.com\/en\/#organization","name":"ACCUEIL GEORGIE LLC","alternateName":"ACCUEIL GEORGIE","url":"https:\/\/accueilgeorgie.com\/en\/","logo":{"@type":"ImageObject","inLanguage":"en-US","@id":"https:\/\/accueilgeorgie.com\/en\/#\/schema\/logo\/image\/","url":"https:\/\/accueilgeorgie.com\/wp-content\/uploads\/2026\/02\/logo-eng-1-scaled.jpg","contentUrl":"https:\/\/accueilgeorgie.com\/wp-content\/uploads\/2026\/02\/logo-eng-1-scaled.jpg","width":2048,"height":546,"caption":"ACCUEIL GEORGIE LLC"},"image":{"@id":"https:\/\/accueilgeorgie.com\/en\/#\/schema\/logo\/image\/"},"sameAs":["https:\/\/www.facebook.com\/accueilgeorgie\/","https:\/\/www.instagram.com\/accueilgeorgie"]}]}},"_links":{"self":[{"href":"https:\/\/accueilgeorgie.com\/en\/wp-json\/wp\/v2\/pages\/12582","targetHints":{"allow":["GET"]}}],"collection":[{"href":"https:\/\/accueilgeorgie.com\/en\/wp-json\/wp\/v2\/pages"}],"about":[{"href":"https:\/\/accueilgeorgie.com\/en\/wp-json\/wp\/v2\/types\/page"}],"author":[{"embeddable":true,"href":"https:\/\/accueilgeorgie.com\/en\/wp-json\/wp\/v2\/users\/1"}],"replies":[{"embeddable":true,"href":"https:\/\/accueilgeorgie.com\/en\/wp-json\/wp\/v2\/comments?post=12582"}],"version-history":[{"count":6,"href":"https:\/\/accueilgeorgie.com\/en\/wp-json\/wp\/v2\/pages\/12582\/revisions"}],"predecessor-version":[{"id":12717,"href":"https:\/\/accueilgeorgie.com\/en\/wp-json\/wp\/v2\/pages\/12582\/revisions\/12717"}],"wp:featuredmedia":[{"embeddable":true,"href":"https:\/\/accueilgeorgie.com\/en\/wp-json\/wp\/v2\/media\/12415"}],"wp:attachment":[{"href":"https:\/\/accueilgeorgie.com\/en\/wp-json\/wp\/v2\/media?parent=12582"}],"curies":[{"name":"wp","href":"https:\/\/api.w.org\/{rel}","templated":true}]}}