{"id":12678,"date":"2026-02-06T18:46:52","date_gmt":"2026-02-06T17:46:52","guid":{"rendered":"https:\/\/accueilgeorgie.com\/dmc-contact-accueil-georgie-llc\/"},"modified":"2026-02-09T16:00:16","modified_gmt":"2026-02-09T15:00:16","slug":"dmc-contact-accueil-georgie-llc","status":"publish","type":"page","link":"https:\/\/accueilgeorgie.com\/en\/dmc-contact-accueil-georgie-llc\/","title":{"rendered":"DMC contact \u2014 Accueil G\u00e9orgie LLC"},"content":{"rendered":"<h1>DMC contact \u2014 Accueil G\u00e9orgie LLC<\/h1>\n<p>To receive a proposal, please provide the information below. We will respond within 48\u201372 business hours, depending on the complexity.<\/p>\n<h2>Contact details<\/h2>\n<ul>\n<li>WhatsApp : +995 511 147 795<\/li>\n<li>Email : contact@accueilgeorgie.com<\/li>\n<\/ul>\n<h2>Required brief (simple list)<\/h2>\n<ul>\n<li>Agency \/ company<\/li>\n<li>Country \/ Pays \/ Time zone<\/li>\n<li>Type of request: FIT \/ group \/ MICE<\/li>\n<li>Dates (or flexibility)<\/li>\n<li>Desired duration<\/li>\n<li>Language (FR\/EN)<\/li>\n<li>Service level (premium \/ high-end)<\/li>\n<li>Areas of interest (culture, wine, gastronomy, nature\u2026)<\/li>\n<li>Constraints (mobility, pace, allergies\u2026)<\/li>\n<li>Travellers\u2019 ages<\/li>\n<li>Budget (if provided)<\/li>\n<\/ul>\n<p>&nbsp;<\/p>\n","protected":false},"excerpt":{"rendered":"<p>DMC contact \u2014 Accueil G\u00e9orgie LLC To receive a proposal, please provide the information below. We will respond within 48\u201372 business hours, depending on the complexity. Contact details WhatsApp : +995 511 147 795 Email : contact@accueilgeorgie.com Required brief (simple list) Agency \/ company Country \/ Pays \/ Time zone Type of request: FIT \/ group [&hellip;]<\/p>\n","protected":false},"author":3,"featured_media":0,"parent":0,"menu_order":0,"comment_status":"closed","ping_status":"closed","template":"","meta":{"footnotes":""},"class_list":["post-12678","page","type-page","status-publish","hentry"],"yoast_head":"<!-- This site is optimized with the Yoast SEO plugin v26.9 - https:\/\/yoast.com\/product\/yoast-seo-wordpress\/ -->\n<title>DMC contact \u2014 Accueil G\u00e9orgie LLC - Accueil G\u00e9orgie<\/title>\n<meta name=\"robots\" content=\"index, follow, max-snippet:-1, max-image-preview:large, max-video-preview:-1\" \/>\n<link rel=\"canonical\" href=\"https:\/\/accueilgeorgie.com\/en\/dmc-contact-accueil-georgie-llc\/\" \/>\n<meta property=\"og:locale\" content=\"en_US\" \/>\n<meta property=\"og:type\" content=\"article\" \/>\n<meta property=\"og:title\" content=\"DMC contact \u2014 Accueil G\u00e9orgie LLC - Accueil G\u00e9orgie\" \/>\n<meta property=\"og:description\" content=\"DMC contact \u2014 Accueil G\u00e9orgie LLC To receive a proposal, please provide the information below. We will respond within 48\u201372 business hours, depending on the complexity. Contact details WhatsApp : +995 511 147 795 Email : contact@accueilgeorgie.com Required brief (simple list) Agency \/ company Country \/ Pays \/ Time zone Type of request: FIT \/ group [&hellip;]\" \/>\n<meta property=\"og:url\" content=\"https:\/\/accueilgeorgie.com\/en\/dmc-contact-accueil-georgie-llc\/\" \/>\n<meta property=\"og:site_name\" content=\"Accueil G\u00e9orgie\" \/>\n<meta property=\"article:publisher\" content=\"https:\/\/www.facebook.com\/accueilgeorgie\/\" \/>\n<meta property=\"article:modified_time\" content=\"2026-02-09T15:00:16+00:00\" \/>\n<meta name=\"twitter:card\" content=\"summary_large_image\" \/>\n<meta name=\"twitter:label1\" content=\"Est. reading time\" \/>\n\t<meta name=\"twitter:data1\" content=\"1 minute\" \/>\n<script type=\"application\/ld+json\" class=\"yoast-schema-graph\">{\"@context\":\"https:\/\/schema.org\",\"@graph\":[{\"@type\":\"WebPage\",\"@id\":\"https:\/\/accueilgeorgie.com\/en\/dmc-contact-accueil-georgie-llc\/\",\"url\":\"https:\/\/accueilgeorgie.com\/en\/dmc-contact-accueil-georgie-llc\/\",\"name\":\"DMC contact \u2014 Accueil G\u00e9orgie LLC - Accueil G\u00e9orgie\",\"isPartOf\":{\"@id\":\"https:\/\/accueilgeorgie.com\/en\/#website\"},\"datePublished\":\"2026-02-06T17:46:52+00:00\",\"dateModified\":\"2026-02-09T15:00:16+00:00\",\"breadcrumb\":{\"@id\":\"https:\/\/accueilgeorgie.com\/en\/dmc-contact-accueil-georgie-llc\/#breadcrumb\"},\"inLanguage\":\"en-US\",\"potentialAction\":[{\"@type\":\"ReadAction\",\"target\":[\"https:\/\/accueilgeorgie.com\/en\/dmc-contact-accueil-georgie-llc\/\"]}]},{\"@type\":\"BreadcrumbList\",\"@id\":\"https:\/\/accueilgeorgie.com\/en\/dmc-contact-accueil-georgie-llc\/#breadcrumb\",\"itemListElement\":[{\"@type\":\"ListItem\",\"position\":1,\"name\":\"Accueil\",\"item\":\"https:\/\/accueilgeorgie.com\/en\/\"},{\"@type\":\"ListItem\",\"position\":2,\"name\":\"DMC contact \u2014 Accueil G\u00e9orgie LLC\"}]},{\"@type\":\"WebSite\",\"@id\":\"https:\/\/accueilgeorgie.com\/en\/#website\",\"url\":\"https:\/\/accueilgeorgie.com\/en\/\",\"name\":\"Accueil G\u00e9orgie\",\"description\":\"des circuits ou des s\u00e9jours uniquement dans toute la G\u00e9orgie\",\"publisher\":{\"@id\":\"https:\/\/accueilgeorgie.com\/en\/#organization\"},\"potentialAction\":[{\"@type\":\"SearchAction\",\"target\":{\"@type\":\"EntryPoint\",\"urlTemplate\":\"https:\/\/accueilgeorgie.com\/en\/?s={search_term_string}\"},\"query-input\":{\"@type\":\"PropertyValueSpecification\",\"valueRequired\":true,\"valueName\":\"search_term_string\"}}],\"inLanguage\":\"en-US\"},{\"@type\":[\"Organization\",\"TravelAgency\"],\"@id\":\"https:\/\/accueilgeorgie.com\/en\/#organization\",\"name\":\"ACCUEIL GEORGIE LLC\",\"alternateName\":\"ACCUEIL GEORGIE\",\"url\":\"https:\/\/accueilgeorgie.com\/en\/\",\"logo\":{\"@type\":\"ImageObject\",\"inLanguage\":\"en-US\",\"@id\":\"https:\/\/accueilgeorgie.com\/en\/#\/schema\/logo\/image\/\",\"url\":\"https:\/\/accueilgeorgie.com\/wp-content\/uploads\/2026\/02\/logo-eng-1-scaled.jpg\",\"contentUrl\":\"https:\/\/accueilgeorgie.com\/wp-content\/uploads\/2026\/02\/logo-eng-1-scaled.jpg\",\"width\":2048,\"height\":546,\"caption\":\"ACCUEIL GEORGIE LLC\"},\"image\":{\"@id\":\"https:\/\/accueilgeorgie.com\/en\/#\/schema\/logo\/image\/\"},\"sameAs\":[\"https:\/\/www.facebook.com\/accueilgeorgie\/\",\"https:\/\/www.instagram.com\/accueilgeorgie\"]}]}<\/script>\n<!-- \/ Yoast SEO plugin. -->","yoast_head_json":{"title":"DMC contact \u2014 Accueil G\u00e9orgie LLC - Accueil G\u00e9orgie","robots":{"index":"index","follow":"follow","max-snippet":"max-snippet:-1","max-image-preview":"max-image-preview:large","max-video-preview":"max-video-preview:-1"},"canonical":"https:\/\/accueilgeorgie.com\/en\/dmc-contact-accueil-georgie-llc\/","og_locale":"en_US","og_type":"article","og_title":"DMC contact \u2014 Accueil G\u00e9orgie LLC - Accueil G\u00e9orgie","og_description":"DMC contact \u2014 Accueil G\u00e9orgie LLC To receive a proposal, please provide the information below. We will respond within 48\u201372 business hours, depending on the complexity. Contact details WhatsApp : +995 511 147 795 Email : contact@accueilgeorgie.com Required brief (simple list) Agency \/ company Country \/ Pays \/ Time zone Type of request: FIT \/ group [&hellip;]","og_url":"https:\/\/accueilgeorgie.com\/en\/dmc-contact-accueil-georgie-llc\/","og_site_name":"Accueil G\u00e9orgie","article_publisher":"https:\/\/www.facebook.com\/accueilgeorgie\/","article_modified_time":"2026-02-09T15:00:16+00:00","twitter_card":"summary_large_image","twitter_misc":{"Est. reading time":"1 minute"},"schema":{"@context":"https:\/\/schema.org","@graph":[{"@type":"WebPage","@id":"https:\/\/accueilgeorgie.com\/en\/dmc-contact-accueil-georgie-llc\/","url":"https:\/\/accueilgeorgie.com\/en\/dmc-contact-accueil-georgie-llc\/","name":"DMC contact \u2014 Accueil G\u00e9orgie LLC - Accueil G\u00e9orgie","isPartOf":{"@id":"https:\/\/accueilgeorgie.com\/en\/#website"},"datePublished":"2026-02-06T17:46:52+00:00","dateModified":"2026-02-09T15:00:16+00:00","breadcrumb":{"@id":"https:\/\/accueilgeorgie.com\/en\/dmc-contact-accueil-georgie-llc\/#breadcrumb"},"inLanguage":"en-US","potentialAction":[{"@type":"ReadAction","target":["https:\/\/accueilgeorgie.com\/en\/dmc-contact-accueil-georgie-llc\/"]}]},{"@type":"BreadcrumbList","@id":"https:\/\/accueilgeorgie.com\/en\/dmc-contact-accueil-georgie-llc\/#breadcrumb","itemListElement":[{"@type":"ListItem","position":1,"name":"Accueil","item":"https:\/\/accueilgeorgie.com\/en\/"},{"@type":"ListItem","position":2,"name":"DMC contact \u2014 Accueil G\u00e9orgie LLC"}]},{"@type":"WebSite","@id":"https:\/\/accueilgeorgie.com\/en\/#website","url":"https:\/\/accueilgeorgie.com\/en\/","name":"Accueil G\u00e9orgie","description":"des circuits ou des s\u00e9jours uniquement dans toute la G\u00e9orgie","publisher":{"@id":"https:\/\/accueilgeorgie.com\/en\/#organization"},"potentialAction":[{"@type":"SearchAction","target":{"@type":"EntryPoint","urlTemplate":"https:\/\/accueilgeorgie.com\/en\/?s={search_term_string}"},"query-input":{"@type":"PropertyValueSpecification","valueRequired":true,"valueName":"search_term_string"}}],"inLanguage":"en-US"},{"@type":["Organization","TravelAgency"],"@id":"https:\/\/accueilgeorgie.com\/en\/#organization","name":"ACCUEIL GEORGIE LLC","alternateName":"ACCUEIL GEORGIE","url":"https:\/\/accueilgeorgie.com\/en\/","logo":{"@type":"ImageObject","inLanguage":"en-US","@id":"https:\/\/accueilgeorgie.com\/en\/#\/schema\/logo\/image\/","url":"https:\/\/accueilgeorgie.com\/wp-content\/uploads\/2026\/02\/logo-eng-1-scaled.jpg","contentUrl":"https:\/\/accueilgeorgie.com\/wp-content\/uploads\/2026\/02\/logo-eng-1-scaled.jpg","width":2048,"height":546,"caption":"ACCUEIL GEORGIE LLC"},"image":{"@id":"https:\/\/accueilgeorgie.com\/en\/#\/schema\/logo\/image\/"},"sameAs":["https:\/\/www.facebook.com\/accueilgeorgie\/","https:\/\/www.instagram.com\/accueilgeorgie"]}]}},"_links":{"self":[{"href":"https:\/\/accueilgeorgie.com\/en\/wp-json\/wp\/v2\/pages\/12678","targetHints":{"allow":["GET"]}}],"collection":[{"href":"https:\/\/accueilgeorgie.com\/en\/wp-json\/wp\/v2\/pages"}],"about":[{"href":"https:\/\/accueilgeorgie.com\/en\/wp-json\/wp\/v2\/types\/page"}],"author":[{"embeddable":true,"href":"https:\/\/accueilgeorgie.com\/en\/wp-json\/wp\/v2\/users\/3"}],"replies":[{"embeddable":true,"href":"https:\/\/accueilgeorgie.com\/en\/wp-json\/wp\/v2\/comments?post=12678"}],"version-history":[{"count":2,"href":"https:\/\/accueilgeorgie.com\/en\/wp-json\/wp\/v2\/pages\/12678\/revisions"}],"predecessor-version":[{"id":12688,"href":"https:\/\/accueilgeorgie.com\/en\/wp-json\/wp\/v2\/pages\/12678\/revisions\/12688"}],"wp:attachment":[{"href":"https:\/\/accueilgeorgie.com\/en\/wp-json\/wp\/v2\/media?parent=12678"}],"curies":[{"name":"wp","href":"https:\/\/api.w.org\/{rel}","templated":true}]}}