{"id":12709,"date":"2026-02-13T15:10:07","date_gmt":"2026-02-13T14:10:07","guid":{"rendered":"https:\/\/accueilgeorgie.com\/?page_id=12709"},"modified":"2026-02-13T17:11:25","modified_gmt":"2026-02-13T16:11:25","slug":"caucasus-dmc-georgia","status":"publish","type":"page","link":"https:\/\/accueilgeorgie.com\/en\/caucasus-dmc-georgia\/","title":{"rendered":"Caucasus DMC in Georgia"},"content":{"rendered":"<h1>Your specialist Caucasus DMC, based in Georgia<\/h1>\n<p data-start=\"232\" data-end=\"382\"><strong data-start=\"232\" data-end=\"255\">Accueil G\u00e9orgie LLC<\/strong> is a <strong data-start=\"261\" data-end=\"301\">Destination Management Company (DMC)<\/strong> specialized in <strong data-start=\"317\" data-end=\"328\">Georgia<\/strong>, operating at the heart of the <strong data-start=\"360\" data-end=\"379\">Caucasus region<\/strong>.<\/p>\n<p data-start=\"389\" data-end=\"606\">Based in <strong data-start=\"398\" data-end=\"409\">Tbilisi<\/strong>, we design and operate <strong data-start=\"433\" data-end=\"464\">bespoke travel programs<\/strong> for international travel agencies and private clients seeking reliable, in-depth and well-structured experiences in Georgia and the Caucasus.<\/p>\n<p data-start=\"389\" data-end=\"606\"><em data-start=\"1050\" data-end=\"1275\">Accueil G\u00e9orgie LLC is also listed as an inbound travel agency on the official Georgia tourism directory <strong data-start=\"1156\" data-end=\"1181\">places.georgia.travel<\/strong>, recognized for its expertise in group travel and cultural tours across the Caucasus region.<\/em><br data-start=\"1275\" data-end=\"1278\" \/><em data-start=\"1280\" data-end=\"1387\">(Source: Georgia Tourism Directory \u2014 <a class=\"decorated-link\" href=\"https:\/\/places.georgia.travel\/en\/establishments\/accueil-georgie-llc?utm_source=chatgpt.com\" target=\"_new\" rel=\"noopener\" data-start=\"1318\" data-end=\"1385\">https:\/\/places.georgia.travel\/en\/establishments\/accueil-georgie-llc<\/a><\/em><\/p>\n","protected":false},"excerpt":{"rendered":"<p>Your specialist Caucasus DMC, based in Georgia Accueil G\u00e9orgie LLC is a Destination Management Company (DMC) specialized in Georgia, operating at the heart of the Caucasus region. Based in Tbilisi, we design and operate bespoke travel programs for international travel agencies and private clients seeking reliable, in-depth and well-structured experiences in Georgia and the Caucasus. Accueil [&hellip;]<\/p>\n","protected":false},"author":3,"featured_media":0,"parent":0,"menu_order":0,"comment_status":"closed","ping_status":"closed","template":"","meta":{"footnotes":""},"class_list":["post-12709","page","type-page","status-publish","hentry"],"yoast_head":"<!-- This site is optimized with the Yoast SEO plugin v26.9 - https:\/\/yoast.com\/product\/yoast-seo-wordpress\/ -->\n<title>Caucasus DMC in Georgia | Accueil G\u00e9orgie LLC<\/title>\n<meta name=\"description\" content=\"Destination Management Company (DMC) specialized in Georgia and the Caucasus. Based in Tbilisi, Accueil G\u00e9orgie LLC designs tailor-made travel programs.\" \/>\n<meta name=\"robots\" content=\"index, follow, max-snippet:-1, max-image-preview:large, max-video-preview:-1\" \/>\n<link rel=\"canonical\" href=\"https:\/\/accueilgeorgie.com\/en\/caucasus-dmc-georgia\/\" \/>\n<meta property=\"og:locale\" content=\"en_US\" \/>\n<meta property=\"og:type\" content=\"article\" \/>\n<meta property=\"og:title\" content=\"Caucasus DMC in Georgia | Accueil G\u00e9orgie LLC\" \/>\n<meta property=\"og:description\" content=\"Destination Management Company (DMC) specialized in Georgia and the Caucasus. Based in Tbilisi, Accueil G\u00e9orgie LLC designs tailor-made travel programs.\" \/>\n<meta property=\"og:url\" content=\"https:\/\/accueilgeorgie.com\/en\/caucasus-dmc-georgia\/\" \/>\n<meta property=\"og:site_name\" content=\"Accueil G\u00e9orgie\" \/>\n<meta property=\"article:publisher\" content=\"https:\/\/www.facebook.com\/accueilgeorgie\/\" \/>\n<meta property=\"article:modified_time\" content=\"2026-02-13T16:11:25+00:00\" \/>\n<meta name=\"twitter:card\" content=\"summary_large_image\" \/>\n<meta name=\"twitter:label1\" content=\"Est. reading time\" \/>\n\t<meta name=\"twitter:data1\" content=\"1 minute\" \/>\n<script type=\"application\/ld+json\" class=\"yoast-schema-graph\">{\"@context\":\"https:\/\/schema.org\",\"@graph\":[{\"@type\":\"WebPage\",\"@id\":\"https:\/\/accueilgeorgie.com\/en\/caucasus-dmc-georgia\/\",\"url\":\"https:\/\/accueilgeorgie.com\/en\/caucasus-dmc-georgia\/\",\"name\":\"Caucasus DMC in Georgia | Accueil G\u00e9orgie LLC\",\"isPartOf\":{\"@id\":\"https:\/\/accueilgeorgie.com\/en\/#website\"},\"datePublished\":\"2026-02-13T14:10:07+00:00\",\"dateModified\":\"2026-02-13T16:11:25+00:00\",\"description\":\"Destination Management Company (DMC) specialized in Georgia and the Caucasus. Based in Tbilisi, Accueil G\u00e9orgie LLC designs tailor-made travel programs.\",\"breadcrumb\":{\"@id\":\"https:\/\/accueilgeorgie.com\/en\/caucasus-dmc-georgia\/#breadcrumb\"},\"inLanguage\":\"en-US\",\"potentialAction\":[{\"@type\":\"ReadAction\",\"target\":[\"https:\/\/accueilgeorgie.com\/en\/caucasus-dmc-georgia\/\"]}]},{\"@type\":\"BreadcrumbList\",\"@id\":\"https:\/\/accueilgeorgie.com\/en\/caucasus-dmc-georgia\/#breadcrumb\",\"itemListElement\":[{\"@type\":\"ListItem\",\"position\":1,\"name\":\"Accueil\",\"item\":\"https:\/\/accueilgeorgie.com\/en\/\"},{\"@type\":\"ListItem\",\"position\":2,\"name\":\"Caucasus DMC in Georgia\"}]},{\"@type\":\"WebSite\",\"@id\":\"https:\/\/accueilgeorgie.com\/en\/#website\",\"url\":\"https:\/\/accueilgeorgie.com\/en\/\",\"name\":\"Accueil G\u00e9orgie\",\"description\":\"des circuits ou des s\u00e9jours uniquement dans toute la G\u00e9orgie\",\"publisher\":{\"@id\":\"https:\/\/accueilgeorgie.com\/en\/#organization\"},\"potentialAction\":[{\"@type\":\"SearchAction\",\"target\":{\"@type\":\"EntryPoint\",\"urlTemplate\":\"https:\/\/accueilgeorgie.com\/en\/?s={search_term_string}\"},\"query-input\":{\"@type\":\"PropertyValueSpecification\",\"valueRequired\":true,\"valueName\":\"search_term_string\"}}],\"inLanguage\":\"en-US\"},{\"@type\":[\"Organization\",\"TravelAgency\"],\"@id\":\"https:\/\/accueilgeorgie.com\/en\/#organization\",\"name\":\"ACCUEIL GEORGIE LLC\",\"alternateName\":\"ACCUEIL GEORGIE\",\"url\":\"https:\/\/accueilgeorgie.com\/en\/\",\"logo\":{\"@type\":\"ImageObject\",\"inLanguage\":\"en-US\",\"@id\":\"https:\/\/accueilgeorgie.com\/en\/#\/schema\/logo\/image\/\",\"url\":\"https:\/\/accueilgeorgie.com\/wp-content\/uploads\/2026\/02\/logo-eng-1-scaled.jpg\",\"contentUrl\":\"https:\/\/accueilgeorgie.com\/wp-content\/uploads\/2026\/02\/logo-eng-1-scaled.jpg\",\"width\":2048,\"height\":546,\"caption\":\"ACCUEIL GEORGIE LLC\"},\"image\":{\"@id\":\"https:\/\/accueilgeorgie.com\/en\/#\/schema\/logo\/image\/\"},\"sameAs\":[\"https:\/\/www.facebook.com\/accueilgeorgie\/\",\"https:\/\/www.instagram.com\/accueilgeorgie\"]}]}<\/script>\n<!-- \/ Yoast SEO plugin. -->","yoast_head_json":{"title":"Caucasus DMC in Georgia | Accueil G\u00e9orgie LLC","description":"Destination Management Company (DMC) specialized in Georgia and the Caucasus. Based in Tbilisi, Accueil G\u00e9orgie LLC designs tailor-made travel programs.","robots":{"index":"index","follow":"follow","max-snippet":"max-snippet:-1","max-image-preview":"max-image-preview:large","max-video-preview":"max-video-preview:-1"},"canonical":"https:\/\/accueilgeorgie.com\/en\/caucasus-dmc-georgia\/","og_locale":"en_US","og_type":"article","og_title":"Caucasus DMC in Georgia | Accueil G\u00e9orgie LLC","og_description":"Destination Management Company (DMC) specialized in Georgia and the Caucasus. Based in Tbilisi, Accueil G\u00e9orgie LLC designs tailor-made travel programs.","og_url":"https:\/\/accueilgeorgie.com\/en\/caucasus-dmc-georgia\/","og_site_name":"Accueil G\u00e9orgie","article_publisher":"https:\/\/www.facebook.com\/accueilgeorgie\/","article_modified_time":"2026-02-13T16:11:25+00:00","twitter_card":"summary_large_image","twitter_misc":{"Est. reading time":"1 minute"},"schema":{"@context":"https:\/\/schema.org","@graph":[{"@type":"WebPage","@id":"https:\/\/accueilgeorgie.com\/en\/caucasus-dmc-georgia\/","url":"https:\/\/accueilgeorgie.com\/en\/caucasus-dmc-georgia\/","name":"Caucasus DMC in Georgia | Accueil G\u00e9orgie LLC","isPartOf":{"@id":"https:\/\/accueilgeorgie.com\/en\/#website"},"datePublished":"2026-02-13T14:10:07+00:00","dateModified":"2026-02-13T16:11:25+00:00","description":"Destination Management Company (DMC) specialized in Georgia and the Caucasus. Based in Tbilisi, Accueil G\u00e9orgie LLC designs tailor-made travel programs.","breadcrumb":{"@id":"https:\/\/accueilgeorgie.com\/en\/caucasus-dmc-georgia\/#breadcrumb"},"inLanguage":"en-US","potentialAction":[{"@type":"ReadAction","target":["https:\/\/accueilgeorgie.com\/en\/caucasus-dmc-georgia\/"]}]},{"@type":"BreadcrumbList","@id":"https:\/\/accueilgeorgie.com\/en\/caucasus-dmc-georgia\/#breadcrumb","itemListElement":[{"@type":"ListItem","position":1,"name":"Accueil","item":"https:\/\/accueilgeorgie.com\/en\/"},{"@type":"ListItem","position":2,"name":"Caucasus DMC in Georgia"}]},{"@type":"WebSite","@id":"https:\/\/accueilgeorgie.com\/en\/#website","url":"https:\/\/accueilgeorgie.com\/en\/","name":"Accueil G\u00e9orgie","description":"des circuits ou des s\u00e9jours uniquement dans toute la G\u00e9orgie","publisher":{"@id":"https:\/\/accueilgeorgie.com\/en\/#organization"},"potentialAction":[{"@type":"SearchAction","target":{"@type":"EntryPoint","urlTemplate":"https:\/\/accueilgeorgie.com\/en\/?s={search_term_string}"},"query-input":{"@type":"PropertyValueSpecification","valueRequired":true,"valueName":"search_term_string"}}],"inLanguage":"en-US"},{"@type":["Organization","TravelAgency"],"@id":"https:\/\/accueilgeorgie.com\/en\/#organization","name":"ACCUEIL GEORGIE LLC","alternateName":"ACCUEIL GEORGIE","url":"https:\/\/accueilgeorgie.com\/en\/","logo":{"@type":"ImageObject","inLanguage":"en-US","@id":"https:\/\/accueilgeorgie.com\/en\/#\/schema\/logo\/image\/","url":"https:\/\/accueilgeorgie.com\/wp-content\/uploads\/2026\/02\/logo-eng-1-scaled.jpg","contentUrl":"https:\/\/accueilgeorgie.com\/wp-content\/uploads\/2026\/02\/logo-eng-1-scaled.jpg","width":2048,"height":546,"caption":"ACCUEIL GEORGIE LLC"},"image":{"@id":"https:\/\/accueilgeorgie.com\/en\/#\/schema\/logo\/image\/"},"sameAs":["https:\/\/www.facebook.com\/accueilgeorgie\/","https:\/\/www.instagram.com\/accueilgeorgie"]}]}},"_links":{"self":[{"href":"https:\/\/accueilgeorgie.com\/en\/wp-json\/wp\/v2\/pages\/12709","targetHints":{"allow":["GET"]}}],"collection":[{"href":"https:\/\/accueilgeorgie.com\/en\/wp-json\/wp\/v2\/pages"}],"about":[{"href":"https:\/\/accueilgeorgie.com\/en\/wp-json\/wp\/v2\/types\/page"}],"author":[{"embeddable":true,"href":"https:\/\/accueilgeorgie.com\/en\/wp-json\/wp\/v2\/users\/3"}],"replies":[{"embeddable":true,"href":"https:\/\/accueilgeorgie.com\/en\/wp-json\/wp\/v2\/comments?post=12709"}],"version-history":[{"count":4,"href":"https:\/\/accueilgeorgie.com\/en\/wp-json\/wp\/v2\/pages\/12709\/revisions"}],"predecessor-version":[{"id":12734,"href":"https:\/\/accueilgeorgie.com\/en\/wp-json\/wp\/v2\/pages\/12709\/revisions\/12734"}],"wp:attachment":[{"href":"https:\/\/accueilgeorgie.com\/en\/wp-json\/wp\/v2\/media?parent=12709"}],"curies":[{"name":"wp","href":"https:\/\/api.w.org\/{rel}","templated":true}]}}